{"id":51,"date":"2023-07-14T17:50:29","date_gmt":"2023-07-14T15:50:29","guid":{"rendered":"http:\/\/kolorypodlasia.pl\/?page_id=51"},"modified":"2024-01-07T19:51:48","modified_gmt":"2024-01-07T18:51:48","slug":"kolory-podlasia","status":"publish","type":"page","link":"https:\/\/kolorypodlasia.pl\/","title":{"rendered":"Kolory Podlasia"},"content":{"rendered":"\n<p class=\"has-text-align-center\"><br>150 &#8211; letni dom drewniany po renowacji nawi\u0105zuj\u0105cej do tradycji podlaskich siedlisk<\/p>\n\n\n\n<h3 class=\"wp-block-heading has-text-align-center\">Cisza<\/h3>\n\n\n\n<p class=\"has-text-align-center\">Z dala od cywilizacji, na skraju lasu, otoczony polami i \u0142\u0105kami i dzik\u0105 przyrod\u0105. Idealne miejsce dla os\u00f3b szukaj\u0105cych wyciszenia od zgie\u0142ku miasta<\/p>\n\n\n\n<h3 class=\"wp-block-heading has-text-align-center\">Przyroda<\/h3>\n\n\n\n<p class=\"has-text-align-center\">Nie ma tu siedzib ludzkich za to cz\u0119stymi go\u015b\u0107mi s\u0105 ptaki, \u0142anie, \u0142osie i kozio\u0142ki<\/p>\n\n\n\n<h3 class=\"wp-block-heading has-text-align-center\">Blisko Warszawy<\/h3>\n\n\n\n<p class=\"has-text-align-center\">Tylko 1:15 h ze stolicy, 2 km od stacji kolejowej<\/p>\n\n\n\n<h3 class=\"wp-block-heading has-text-align-center\">Kolory Podlasia<\/h3>\n\n\n\n<p class=\"has-text-align-center\">Dolina Bugu, dworki ziemia\u0144skie, produkty regionalne, tradycje i kultura regionu na wyci\u0105gni\u0119cie r\u0119ki<\/p>\n\n\n<div class=\"wp-block-image\">\n<figure class=\"aligncenter size-full\"><img loading=\"lazy\" decoding=\"async\" width=\"2560\" height=\"1713\" src=\"https:\/\/kolorypodlasia.pl\/wp-content\/uploads\/2023\/07\/salon-2-scaled.jpg\" alt=\"\" class=\"wp-image-36\" srcset=\"https:\/\/kolorypodlasia.pl\/wp-content\/uploads\/2023\/07\/salon-2-scaled.jpg 2560w, https:\/\/kolorypodlasia.pl\/wp-content\/uploads\/2023\/07\/salon-2-300x201.jpg 300w, https:\/\/kolorypodlasia.pl\/wp-content\/uploads\/2023\/07\/salon-2-1024x685.jpg 1024w, https:\/\/kolorypodlasia.pl\/wp-content\/uploads\/2023\/07\/salon-2-768x514.jpg 768w, https:\/\/kolorypodlasia.pl\/wp-content\/uploads\/2023\/07\/salon-2-1536x1028.jpg 1536w, https:\/\/kolorypodlasia.pl\/wp-content\/uploads\/2023\/07\/salon-2-2048x1371.jpg 2048w, https:\/\/kolorypodlasia.pl\/wp-content\/uploads\/2023\/07\/salon-2-1140x763.jpg 1140w\" sizes=\"auto, (max-width: 2560px) 100vw, 2560px\" \/><\/figure>\n<\/div>\n\n\n<div style=\"height:44px\" aria-hidden=\"true\" class=\"wp-block-spacer\"><\/div>\n\n\n<div class=\"wp-block-image\">\n<figure class=\"aligncenter size-full\"><img loading=\"lazy\" decoding=\"async\" width=\"2560\" height=\"1728\" src=\"https:\/\/kolorypodlasia.pl\/wp-content\/uploads\/2023\/07\/kuchnia-z-salonu-1-scaled.jpg\" alt=\"\" class=\"wp-image-127\" srcset=\"https:\/\/kolorypodlasia.pl\/wp-content\/uploads\/2023\/07\/kuchnia-z-salonu-1-scaled.jpg 2560w, https:\/\/kolorypodlasia.pl\/wp-content\/uploads\/2023\/07\/kuchnia-z-salonu-1-300x202.jpg 300w, https:\/\/kolorypodlasia.pl\/wp-content\/uploads\/2023\/07\/kuchnia-z-salonu-1-1024x691.jpg 1024w, https:\/\/kolorypodlasia.pl\/wp-content\/uploads\/2023\/07\/kuchnia-z-salonu-1-768x518.jpg 768w, https:\/\/kolorypodlasia.pl\/wp-content\/uploads\/2023\/07\/kuchnia-z-salonu-1-1536x1037.jpg 1536w, https:\/\/kolorypodlasia.pl\/wp-content\/uploads\/2023\/07\/kuchnia-z-salonu-1-2048x1382.jpg 2048w, https:\/\/kolorypodlasia.pl\/wp-content\/uploads\/2023\/07\/kuchnia-z-salonu-1-1140x769.jpg 1140w\" sizes=\"auto, (max-width: 2560px) 100vw, 2560px\" \/><\/figure>\n<\/div>\n\n\n<div style=\"height:44px\" aria-hidden=\"true\" class=\"wp-block-spacer\"><\/div>\n\n\n<div class=\"wp-block-image\">\n<figure class=\"aligncenter size-full\"><img loading=\"lazy\" decoding=\"async\" width=\"2560\" height=\"1920\" src=\"https:\/\/kolorypodlasia.pl\/wp-content\/uploads\/2023\/07\/salon-z-kuchni-scaled.jpg\" alt=\"\" class=\"wp-image-29\" srcset=\"https:\/\/kolorypodlasia.pl\/wp-content\/uploads\/2023\/07\/salon-z-kuchni-scaled.jpg 2560w, https:\/\/kolorypodlasia.pl\/wp-content\/uploads\/2023\/07\/salon-z-kuchni-300x225.jpg 300w, https:\/\/kolorypodlasia.pl\/wp-content\/uploads\/2023\/07\/salon-z-kuchni-1024x768.jpg 1024w, https:\/\/kolorypodlasia.pl\/wp-content\/uploads\/2023\/07\/salon-z-kuchni-768x576.jpg 768w, https:\/\/kolorypodlasia.pl\/wp-content\/uploads\/2023\/07\/salon-z-kuchni-1536x1152.jpg 1536w, https:\/\/kolorypodlasia.pl\/wp-content\/uploads\/2023\/07\/salon-z-kuchni-2048x1536.jpg 2048w, https:\/\/kolorypodlasia.pl\/wp-content\/uploads\/2023\/07\/salon-z-kuchni-1140x855.jpg 1140w\" sizes=\"auto, (max-width: 2560px) 100vw, 2560px\" \/><\/figure>\n<\/div>\n\n\n<div style=\"height:44px\" aria-hidden=\"true\" class=\"wp-block-spacer\"><\/div>\n\n\n\n<h6 class=\"wp-block-heading has-text-align-center\"><\/h6>\n\n\n\n<figure class=\"wp-block-gallery aligncenter has-nested-images columns-1 is-cropped wp-block-gallery-1 is-layout-flex wp-block-gallery-is-layout-flex\">\n<figure class=\"wp-block-image size-full\"><img loading=\"lazy\" decoding=\"async\" width=\"2560\" height=\"1920\" data-id=\"25\" src=\"https:\/\/kolorypodlasia.pl\/wp-content\/uploads\/2023\/07\/kuchnia-scaled.jpg\" alt=\"\" class=\"wp-image-25\" srcset=\"https:\/\/kolorypodlasia.pl\/wp-content\/uploads\/2023\/07\/kuchnia-scaled.jpg 2560w, https:\/\/kolorypodlasia.pl\/wp-content\/uploads\/2023\/07\/kuchnia-300x225.jpg 300w, https:\/\/kolorypodlasia.pl\/wp-content\/uploads\/2023\/07\/kuchnia-1024x768.jpg 1024w, https:\/\/kolorypodlasia.pl\/wp-content\/uploads\/2023\/07\/kuchnia-768x576.jpg 768w, https:\/\/kolorypodlasia.pl\/wp-content\/uploads\/2023\/07\/kuchnia-1536x1152.jpg 1536w, https:\/\/kolorypodlasia.pl\/wp-content\/uploads\/2023\/07\/kuchnia-2048x1536.jpg 2048w, https:\/\/kolorypodlasia.pl\/wp-content\/uploads\/2023\/07\/kuchnia-1140x855.jpg 1140w\" sizes=\"auto, (max-width: 2560px) 100vw, 2560px\" \/><\/figure>\n\n\n\n<figure class=\"wp-block-image size-full\"><img loading=\"lazy\" decoding=\"async\" width=\"2560\" height=\"1920\" data-id=\"74\" src=\"https:\/\/kolorypodlasia.pl\/wp-content\/uploads\/2023\/07\/sien-scaled.jpg\" alt=\"\" class=\"wp-image-74\" srcset=\"https:\/\/kolorypodlasia.pl\/wp-content\/uploads\/2023\/07\/sien-scaled.jpg 2560w, https:\/\/kolorypodlasia.pl\/wp-content\/uploads\/2023\/07\/sien-300x225.jpg 300w, https:\/\/kolorypodlasia.pl\/wp-content\/uploads\/2023\/07\/sien-1024x768.jpg 1024w, https:\/\/kolorypodlasia.pl\/wp-content\/uploads\/2023\/07\/sien-768x576.jpg 768w, https:\/\/kolorypodlasia.pl\/wp-content\/uploads\/2023\/07\/sien-1536x1152.jpg 1536w, https:\/\/kolorypodlasia.pl\/wp-content\/uploads\/2023\/07\/sien-2048x1536.jpg 2048w, https:\/\/kolorypodlasia.pl\/wp-content\/uploads\/2023\/07\/sien-1140x855.jpg 1140w\" sizes=\"auto, (max-width: 2560px) 100vw, 2560px\" \/><\/figure>\n\n\n\n<figure class=\"wp-block-image size-full\"><img loading=\"lazy\" decoding=\"async\" width=\"2560\" height=\"1920\" data-id=\"39\" src=\"https:\/\/kolorypodlasia.pl\/wp-content\/uploads\/2023\/07\/ganek-scaled.jpg\" alt=\"\" class=\"wp-image-39\" srcset=\"https:\/\/kolorypodlasia.pl\/wp-content\/uploads\/2023\/07\/ganek-scaled.jpg 2560w, https:\/\/kolorypodlasia.pl\/wp-content\/uploads\/2023\/07\/ganek-300x225.jpg 300w, https:\/\/kolorypodlasia.pl\/wp-content\/uploads\/2023\/07\/ganek-1024x768.jpg 1024w, https:\/\/kolorypodlasia.pl\/wp-content\/uploads\/2023\/07\/ganek-768x576.jpg 768w, https:\/\/kolorypodlasia.pl\/wp-content\/uploads\/2023\/07\/ganek-1536x1152.jpg 1536w, https:\/\/kolorypodlasia.pl\/wp-content\/uploads\/2023\/07\/ganek-2048x1536.jpg 2048w, https:\/\/kolorypodlasia.pl\/wp-content\/uploads\/2023\/07\/ganek-1140x855.jpg 1140w\" sizes=\"auto, (max-width: 2560px) 100vw, 2560px\" \/><\/figure>\n\n\n\n<figure class=\"wp-block-image size-full\"><img loading=\"lazy\" decoding=\"async\" width=\"2560\" height=\"1920\" data-id=\"35\" src=\"https:\/\/kolorypodlasia.pl\/wp-content\/uploads\/2023\/07\/moj-pokoj-scaled.jpg\" alt=\"\" class=\"wp-image-35\" srcset=\"https:\/\/kolorypodlasia.pl\/wp-content\/uploads\/2023\/07\/moj-pokoj-scaled.jpg 2560w, https:\/\/kolorypodlasia.pl\/wp-content\/uploads\/2023\/07\/moj-pokoj-300x225.jpg 300w, https:\/\/kolorypodlasia.pl\/wp-content\/uploads\/2023\/07\/moj-pokoj-1024x768.jpg 1024w, https:\/\/kolorypodlasia.pl\/wp-content\/uploads\/2023\/07\/moj-pokoj-768x576.jpg 768w, https:\/\/kolorypodlasia.pl\/wp-content\/uploads\/2023\/07\/moj-pokoj-1536x1152.jpg 1536w, https:\/\/kolorypodlasia.pl\/wp-content\/uploads\/2023\/07\/moj-pokoj-2048x1536.jpg 2048w, https:\/\/kolorypodlasia.pl\/wp-content\/uploads\/2023\/07\/moj-pokoj-1140x855.jpg 1140w\" sizes=\"auto, (max-width: 2560px) 100vw, 2560px\" \/><\/figure>\n\n\n\n<figure class=\"wp-block-image size-full\"><img loading=\"lazy\" decoding=\"async\" width=\"2560\" height=\"1920\" data-id=\"75\" src=\"https:\/\/kolorypodlasia.pl\/wp-content\/uploads\/2023\/07\/ze-studni-scaled.jpg\" alt=\"\" class=\"wp-image-75\" srcset=\"https:\/\/kolorypodlasia.pl\/wp-content\/uploads\/2023\/07\/ze-studni-scaled.jpg 2560w, https:\/\/kolorypodlasia.pl\/wp-content\/uploads\/2023\/07\/ze-studni-300x225.jpg 300w, https:\/\/kolorypodlasia.pl\/wp-content\/uploads\/2023\/07\/ze-studni-1024x768.jpg 1024w, https:\/\/kolorypodlasia.pl\/wp-content\/uploads\/2023\/07\/ze-studni-768x576.jpg 768w, https:\/\/kolorypodlasia.pl\/wp-content\/uploads\/2023\/07\/ze-studni-1536x1152.jpg 1536w, https:\/\/kolorypodlasia.pl\/wp-content\/uploads\/2023\/07\/ze-studni-2048x1536.jpg 2048w, https:\/\/kolorypodlasia.pl\/wp-content\/uploads\/2023\/07\/ze-studni-1140x855.jpg 1140w\" sizes=\"auto, (max-width: 2560px) 100vw, 2560px\" \/><\/figure>\n\n\n\n<figure class=\"wp-block-image size-full\"><img loading=\"lazy\" decoding=\"async\" width=\"2560\" height=\"1920\" data-id=\"33\" src=\"https:\/\/kolorypodlasia.pl\/wp-content\/uploads\/2023\/07\/kwiatki-scaled.jpg\" alt=\"\" class=\"wp-image-33\" srcset=\"https:\/\/kolorypodlasia.pl\/wp-content\/uploads\/2023\/07\/kwiatki-scaled.jpg 2560w, https:\/\/kolorypodlasia.pl\/wp-content\/uploads\/2023\/07\/kwiatki-300x225.jpg 300w, https:\/\/kolorypodlasia.pl\/wp-content\/uploads\/2023\/07\/kwiatki-1024x768.jpg 1024w, https:\/\/kolorypodlasia.pl\/wp-content\/uploads\/2023\/07\/kwiatki-768x576.jpg 768w, https:\/\/kolorypodlasia.pl\/wp-content\/uploads\/2023\/07\/kwiatki-1536x1152.jpg 1536w, https:\/\/kolorypodlasia.pl\/wp-content\/uploads\/2023\/07\/kwiatki-2048x1536.jpg 2048w, https:\/\/kolorypodlasia.pl\/wp-content\/uploads\/2023\/07\/kwiatki-1140x855.jpg 1140w\" sizes=\"auto, (max-width: 2560px) 100vw, 2560px\" \/><\/figure>\n\n\n\n<figure class=\"wp-block-image size-full\"><img loading=\"lazy\" decoding=\"async\" width=\"2560\" height=\"1920\" data-id=\"32\" src=\"https:\/\/kolorypodlasia.pl\/wp-content\/uploads\/2023\/07\/piwnica-scaled.jpg\" alt=\"\" class=\"wp-image-32\" srcset=\"https:\/\/kolorypodlasia.pl\/wp-content\/uploads\/2023\/07\/piwnica-scaled.jpg 2560w, https:\/\/kolorypodlasia.pl\/wp-content\/uploads\/2023\/07\/piwnica-300x225.jpg 300w, https:\/\/kolorypodlasia.pl\/wp-content\/uploads\/2023\/07\/piwnica-1024x768.jpg 1024w, https:\/\/kolorypodlasia.pl\/wp-content\/uploads\/2023\/07\/piwnica-768x576.jpg 768w, https:\/\/kolorypodlasia.pl\/wp-content\/uploads\/2023\/07\/piwnica-1536x1152.jpg 1536w, https:\/\/kolorypodlasia.pl\/wp-content\/uploads\/2023\/07\/piwnica-2048x1536.jpg 2048w, https:\/\/kolorypodlasia.pl\/wp-content\/uploads\/2023\/07\/piwnica-1140x855.jpg 1140w\" sizes=\"auto, (max-width: 2560px) 100vw, 2560px\" \/><\/figure>\n\n\n\n<figure class=\"wp-block-image size-full\"><img loading=\"lazy\" decoding=\"async\" width=\"1710\" height=\"2560\" data-id=\"27\" src=\"https:\/\/kolorypodlasia.pl\/wp-content\/uploads\/2023\/07\/mala-biblioteka-scaled.jpg\" alt=\"\" class=\"wp-image-27\" srcset=\"https:\/\/kolorypodlasia.pl\/wp-content\/uploads\/2023\/07\/mala-biblioteka-scaled.jpg 1710w, https:\/\/kolorypodlasia.pl\/wp-content\/uploads\/2023\/07\/mala-biblioteka-200x300.jpg 200w, https:\/\/kolorypodlasia.pl\/wp-content\/uploads\/2023\/07\/mala-biblioteka-684x1024.jpg 684w, https:\/\/kolorypodlasia.pl\/wp-content\/uploads\/2023\/07\/mala-biblioteka-768x1150.jpg 768w, https:\/\/kolorypodlasia.pl\/wp-content\/uploads\/2023\/07\/mala-biblioteka-1026x1536.jpg 1026w, https:\/\/kolorypodlasia.pl\/wp-content\/uploads\/2023\/07\/mala-biblioteka-1368x2048.jpg 1368w, https:\/\/kolorypodlasia.pl\/wp-content\/uploads\/2023\/07\/mala-biblioteka-1140x1707.jpg 1140w\" sizes=\"auto, (max-width: 1710px) 100vw, 1710px\" \/><\/figure>\n\n\n\n<figure class=\"wp-block-image size-full\"><img loading=\"lazy\" decoding=\"async\" width=\"2560\" height=\"1920\" data-id=\"67\" src=\"https:\/\/kolorypodlasia.pl\/wp-content\/uploads\/2023\/07\/lazienka-2-scaled.jpg\" alt=\"\" class=\"wp-image-67\" srcset=\"https:\/\/kolorypodlasia.pl\/wp-content\/uploads\/2023\/07\/lazienka-2-scaled.jpg 2560w, https:\/\/kolorypodlasia.pl\/wp-content\/uploads\/2023\/07\/lazienka-2-300x225.jpg 300w, https:\/\/kolorypodlasia.pl\/wp-content\/uploads\/2023\/07\/lazienka-2-1024x768.jpg 1024w, https:\/\/kolorypodlasia.pl\/wp-content\/uploads\/2023\/07\/lazienka-2-768x576.jpg 768w, https:\/\/kolorypodlasia.pl\/wp-content\/uploads\/2023\/07\/lazienka-2-1536x1152.jpg 1536w, https:\/\/kolorypodlasia.pl\/wp-content\/uploads\/2023\/07\/lazienka-2-2048x1536.jpg 2048w, https:\/\/kolorypodlasia.pl\/wp-content\/uploads\/2023\/07\/lazienka-2-1140x855.jpg 1140w\" sizes=\"auto, (max-width: 2560px) 100vw, 2560px\" \/><\/figure>\n\n\n\n<figure class=\"wp-block-image size-full\"><img loading=\"lazy\" decoding=\"async\" width=\"1920\" height=\"2560\" data-id=\"66\" src=\"https:\/\/kolorypodlasia.pl\/wp-content\/uploads\/2023\/07\/lazienka1-scaled.jpg\" alt=\"\" class=\"wp-image-66\" srcset=\"https:\/\/kolorypodlasia.pl\/wp-content\/uploads\/2023\/07\/lazienka1-scaled.jpg 1920w, https:\/\/kolorypodlasia.pl\/wp-content\/uploads\/2023\/07\/lazienka1-225x300.jpg 225w, https:\/\/kolorypodlasia.pl\/wp-content\/uploads\/2023\/07\/lazienka1-768x1024.jpg 768w, https:\/\/kolorypodlasia.pl\/wp-content\/uploads\/2023\/07\/lazienka1-1152x1536.jpg 1152w, https:\/\/kolorypodlasia.pl\/wp-content\/uploads\/2023\/07\/lazienka1-1536x2048.jpg 1536w, https:\/\/kolorypodlasia.pl\/wp-content\/uploads\/2023\/07\/lazienka1-1140x1520.jpg 1140w\" sizes=\"auto, (max-width: 1920px) 100vw, 1920px\" \/><\/figure>\n<\/figure>\n\n\n\n<div style=\"height:100px\" aria-hidden=\"true\" class=\"wp-block-spacer\"><\/div>\n\n\n\n<h6 class=\"wp-block-heading has-text-align-center\"><\/h6>\n","protected":false},"excerpt":{"rendered":"<p>150 &#8211; letni dom drewniany po renowacji nawi\u0105zuj\u0105cej do tradycji podlaskich siedlisk Cisza Z dala od cywilizacji, na skraju lasu, otoczony polami i \u0142\u0105kami i dzik\u0105 przyrod\u0105. Idealne miejsce dla os\u00f3b szukaj\u0105cych wyciszenia od zgie\u0142ku miasta Przyroda Nie ma tu siedzib ludzkich za to cz\u0119stymi go\u015b\u0107mi s\u0105 ptaki, \u0142anie, \u0142osie i kozio\u0142ki Blisko Warszawy Tylko 1:15 h ze stolicy, 2 km od stacji kolejowej Kolory Podlasia Dolina Bugu, dworki ziemia\u0144skie, produkty regionalne, tradycje i kultura regionu na wyci\u0105gni\u0119cie r\u0119ki<\/p>\n","protected":false},"author":1,"featured_media":0,"parent":0,"menu_order":0,"comment_status":"closed","ping_status":"closed","template":"","meta":{"footnotes":""},"class_list":["post-51","page","type-page","status-publish","hentry"],"acf":[],"_links":{"self":[{"href":"https:\/\/kolorypodlasia.pl\/index.php\/wp-json\/wp\/v2\/pages\/51","targetHints":{"allow":["GET"]}}],"collection":[{"href":"https:\/\/kolorypodlasia.pl\/index.php\/wp-json\/wp\/v2\/pages"}],"about":[{"href":"https:\/\/kolorypodlasia.pl\/index.php\/wp-json\/wp\/v2\/types\/page"}],"author":[{"embeddable":true,"href":"https:\/\/kolorypodlasia.pl\/index.php\/wp-json\/wp\/v2\/users\/1"}],"replies":[{"embeddable":true,"href":"https:\/\/kolorypodlasia.pl\/index.php\/wp-json\/wp\/v2\/comments?post=51"}],"version-history":[{"count":86,"href":"https:\/\/kolorypodlasia.pl\/index.php\/wp-json\/wp\/v2\/pages\/51\/revisions"}],"predecessor-version":[{"id":219,"href":"https:\/\/kolorypodlasia.pl\/index.php\/wp-json\/wp\/v2\/pages\/51\/revisions\/219"}],"wp:attachment":[{"href":"https:\/\/kolorypodlasia.pl\/index.php\/wp-json\/wp\/v2\/media?parent=51"}],"curies":[{"name":"wp","href":"https:\/\/api.w.org\/{rel}","templated":true}]}}